{"id":10685,"date":"2024-07-30T15:10:57","date_gmt":"2024-07-30T15:10:57","guid":{"rendered":"https:\/\/restaurantbuenavista.es\/politica-de-redes-sociales\/"},"modified":"2024-07-30T15:25:01","modified_gmt":"2024-07-30T15:25:01","slug":"politique-de-reseaux-sociaux","status":"publish","type":"page","link":"https:\/\/restaurantbuenavista.es\/fr\/politique-de-reseaux-sociaux\/","title":{"rendered":"Politique de R\u00e9seaux Sociaux"},"content":{"rendered":"\t\t<div data-elementor-type=\"wp-page\" data-elementor-id=\"10685\" class=\"elementor elementor-10685 elementor-10650\" data-elementor-post-type=\"page\">\n\t\t\t\t\t\t<section class=\"elementor-section elementor-top-section elementor-element elementor-element-e8d4a1f elementor-section-full_width elementor-section-height-default elementor-section-height-default\" data-id=\"e8d4a1f\" data-element_type=\"section\">\n\t\t\t\t\t\t<div class=\"elementor-container elementor-column-gap-default\">\n\t\t\t\t\t<div class=\"elementor-column elementor-col-100 elementor-top-column elementor-element elementor-element-6f734f8\" data-id=\"6f734f8\" data-element_type=\"column\">\n\t\t\t<div class=\"elementor-widget-wrap elementor-element-populated\">\n\t\t\t\t\t\t<div class=\"elementor-element elementor-element-2424b14 elementor-widget-divider--view-line elementor-widget elementor-widget-divider\" data-id=\"2424b14\" data-element_type=\"widget\" data-widget_type=\"divider.default\">\n\t\t\t\t<div class=\"elementor-widget-container\">\n\t\t\t\t\t\t\t<div class=\"elementor-divider\">\n\t\t\t<span class=\"elementor-divider-separator\">\n\t\t\t\t\t\t<\/span>\n\t\t<\/div>\n\t\t\t\t\t\t<\/div>\n\t\t\t\t<\/div>\n\t\t\t\t<div class=\"elementor-element elementor-element-ec31eb4 elementor-widget-divider--view-line elementor-widget elementor-widget-divider\" data-id=\"ec31eb4\" data-element_type=\"widget\" data-widget_type=\"divider.default\">\n\t\t\t\t<div class=\"elementor-widget-container\">\n\t\t\t\t\t\t\t<div class=\"elementor-divider\">\n\t\t\t<span class=\"elementor-divider-separator\">\n\t\t\t\t\t\t<\/span>\n\t\t<\/div>\n\t\t\t\t\t\t<\/div>\n\t\t\t\t<\/div>\n\t\t\t\t<section class=\"elementor-section elementor-inner-section elementor-element elementor-element-0680e19 elementor-section-full_width elementor-section-height-default elementor-section-height-default\" data-id=\"0680e19\" data-element_type=\"section\">\n\t\t\t\t\t\t<div class=\"elementor-container elementor-column-gap-default\">\n\t\t\t\t\t<div class=\"elementor-column elementor-col-20 elementor-inner-column elementor-element elementor-element-adf9ee8\" data-id=\"adf9ee8\" data-element_type=\"column\">\n\t\t\t<div class=\"elementor-widget-wrap\">\n\t\t\t\t\t\t\t<\/div>\n\t\t<\/div>\n\t\t\t\t<div class=\"elementor-column elementor-col-20 elementor-inner-column elementor-element elementor-element-dc1dc8e\" data-id=\"dc1dc8e\" data-element_type=\"column\">\n\t\t\t<div class=\"elementor-widget-wrap\">\n\t\t\t\t\t\t\t<\/div>\n\t\t<\/div>\n\t\t\t\t<div class=\"elementor-column elementor-col-20 elementor-inner-column elementor-element elementor-element-b0c08d8\" data-id=\"b0c08d8\" data-element_type=\"column\">\n\t\t\t<div class=\"elementor-widget-wrap elementor-element-populated\">\n\t\t\t\t\t\t<div class=\"elementor-element elementor-element-4417285 logo elementor-widget elementor-widget-image\" data-id=\"4417285\" data-element_type=\"widget\" data-widget_type=\"image.default\">\n\t\t\t\t<div class=\"elementor-widget-container\">\n\t\t\t\t\t\t\t\t\t\t\t\t\t\t\t\t<a href=\"https:\/\/restaurantbuenavista.es\/fr\/\">\n\t\t\t\t\t\t\t<img decoding=\"async\" data-src=\"https:\/\/restaurantbuenavista.es\/wp-content\/uploads\/2024\/07\/LOGO-CCB.svg\" class=\"attachment-full size-full wp-image-10288 lazyload\" alt=\"\" src=\"data:image\/svg+xml;base64,PHN2ZyB3aWR0aD0iMSIgaGVpZ2h0PSIxIiB4bWxucz0iaHR0cDovL3d3dy53My5vcmcvMjAwMC9zdmciPjwvc3ZnPg==\" \/>\t\t\t\t\t\t\t\t<\/a>\n\t\t\t\t\t\t\t\t\t\t\t\t\t\t\t<\/div>\n\t\t\t\t<\/div>\n\t\t\t\t\t<\/div>\n\t\t<\/div>\n\t\t\t\t<div class=\"elementor-column elementor-col-20 elementor-inner-column elementor-element elementor-element-afe698b\" data-id=\"afe698b\" data-element_type=\"column\">\n\t\t\t<div class=\"elementor-widget-wrap\">\n\t\t\t\t\t\t\t<\/div>\n\t\t<\/div>\n\t\t\t\t<div class=\"elementor-column elementor-col-20 elementor-inner-column elementor-element elementor-element-5725c77\" data-id=\"5725c77\" data-element_type=\"column\">\n\t\t\t<div class=\"elementor-widget-wrap\">\n\t\t\t\t\t\t\t<\/div>\n\t\t<\/div>\n\t\t\t\t\t<\/div>\n\t\t<\/section>\n\t\t\t\t\t<\/div>\n\t\t<\/div>\n\t\t\t\t\t<\/div>\n\t\t<\/section>\n\t\t\t\t<section class=\"elementor-section elementor-top-section elementor-element elementor-element-65d03a1e elementor-section-boxed elementor-section-height-default elementor-section-height-default\" data-id=\"65d03a1e\" data-element_type=\"section\" data-settings=\"{&quot;background_background&quot;:&quot;classic&quot;}\">\n\t\t\t\t\t\t<div class=\"elementor-container elementor-column-gap-default\">\n\t\t\t\t\t<div class=\"elementor-column elementor-col-100 elementor-top-column elementor-element elementor-element-6a37141a\" data-id=\"6a37141a\" data-element_type=\"column\">\n\t\t\t<div class=\"elementor-widget-wrap elementor-element-populated\">\n\t\t\t\t\t\t<div class=\"elementor-element elementor-element-ffc1a1a elementor-widget elementor-widget-text-editor\" data-id=\"ffc1a1a\" data-element_type=\"widget\" data-widget_type=\"text-editor.default\">\n\t\t\t\t<div class=\"elementor-widget-container\">\n\t\t\t\t\t\t\t\t\t<h1 style=\"text-align: center;\"><strong>POLITIQUE DE R\u00c9SEAUX SOCIAUX<\/strong><\/h1>\n\n    <p>En conformit\u00e9 avec le R\u00c8GLEMENT (UE) 2016\/679 du 27 avril 2016 du Parlement europ\u00e9en et du Conseil concernant la protection des personnes physiques \u00e0 l&rsquo;\u00e9gard du traitement de leurs donn\u00e9es personnelles, la Loi organique 3\/2018 du 5 d\u00e9cembre sur la protection des donn\u00e9es personnelles et la garantie des droits num\u00e9riques, et la Loi 34\/2002 du 11 juillet sur les services de la soci\u00e9t\u00e9 de l&rsquo;information et le commerce \u00e9lectronique (LSSI-CE), RONDA SAN ANTONIO 84 S.L., ci-apr\u00e8s (BUENAVISTA CASA DE COMIDAS), informe les utilisateurs qu&rsquo;il a cr\u00e9\u00e9 un profil sur les r\u00e9seaux sociaux dans le but principal de faire de la publicit\u00e9 pour ses produits et services.<\/p>\n\n    <p><b>DONN\u00c9ES DE RONDA SAN ANTONIO 84 S.L. :<\/b><\/p>\n    <p>B62111059<br>\n    Ronda de Sant Antoni n.\u00ba 84, 08001 Barcelone<br>\n    T\u00e9l\u00e9phone : 932065541<br>\n    <a href=\"mailto:p.privacidad@restaurantbuenavista.es\">p.privacidad@restaurantbuenavista.es<\/a><br>\n    <a href=\"http:\/\/www.restaurantbuenavista.es\">www.restaurantbuenavista.es<\/a><\/p>\n\n    <p>L&rsquo;utilisateur a un profil sur le m\u00eame r\u00e9seau social et a d\u00e9cid\u00e9 de rejoindre la page cr\u00e9\u00e9e par BUENAVISTA CASA DE COMIDAS, montrant ainsi son int\u00e9r\u00eat pour les informations publi\u00e9es sur le r\u00e9seau. En rejoignant notre page, vous nous donnez votre consentement pour le traitement des donn\u00e9es personnelles publi\u00e9es dans votre profil.<\/p>\n\n    <p>L&rsquo;utilisateur peut acc\u00e9der \u00e0 tout moment aux politiques de confidentialit\u00e9 du r\u00e9seau social lui-m\u00eame ainsi que configurer son profil pour garantir sa confidentialit\u00e9.<\/p>\n\n    <p>BUENAVISTA CASA DE COMIDAS a acc\u00e8s et traite les informations publiques de l&rsquo;utilisateur, en particulier le nom de son contact. Ces donn\u00e9es sont uniquement utilis\u00e9es au sein du r\u00e9seau social lui-m\u00eame et ne sont en aucun cas int\u00e9gr\u00e9es \u00e0 un fichier sans demander pr\u00e9alablement le consentement expr\u00e8s de la personne concern\u00e9e.<\/p>\n\n    <p>En ce qui concerne les droits d&rsquo;acc\u00e8s, de rectification, d&rsquo;annulation et d&rsquo;opposition que vous avez et qui peuvent \u00eatre exerc\u00e9s devant BUENAVISTA CASA DE COMIDAS conform\u00e9ment au R\u00c8GLEMENT (UE) 2016\/679 du 27 avril 2016 du Parlement europ\u00e9en, vous devez garder \u00e0 l&rsquo;esprit qu&rsquo;en raison de la fonctionnalit\u00e9 des r\u00e9seaux sociaux, vous devez normalement exercer vos droits aupr\u00e8s du r\u00e9seau social lui-m\u00eame.<\/p>\n\n    <p><b>BUENAVISTA CASA DE COMIDAS effectuera les actions suivantes :<\/b><\/p>\n    <ul>\n        <li>Acc\u00e8s aux informations publiques du profil.<\/li>\n        <li>Publication dans le profil de l&rsquo;utilisateur de toutes les informations d\u00e9j\u00e0 publi\u00e9es sur la page de BUENAVISTA CASA DE COMIDAS.<\/li>\n        <li>Envoi de messages personnels et individuels via les canaux du r\u00e9seau social.<\/li>\n        <li>Mises \u00e0 jour de l&rsquo;\u00e9tat de la page qui seront publi\u00e9es dans le profil de l&rsquo;utilisateur.<\/li>\n    <\/ul>\n\n    <p>L&rsquo;utilisateur peut toujours contr\u00f4ler ses connexions, supprimer le contenu qui ne l&rsquo;int\u00e9resse plus et restreindre les personnes avec qui il partage ses connexions. Pour cela, il doit acc\u00e9der \u00e0 ses param\u00e8tres de confidentialit\u00e9.<\/p>\n\n    <p><b>DONN\u00c9ES DES MINEURS<\/b><\/p>\n    <p>L&rsquo;acc\u00e8s et l&rsquo;inscription \u00e0 ce r\u00e9seau social sont interdits aux enfants de moins de 14 ans. L&rsquo;acc\u00e8s au site officiel de BUENAVISTA CASA DE COMIDAS est \u00e9galement interdit aux enfants de moins de 14 ans. Si l&rsquo;utilisateur ne remplit pas cette condition, BUENAVISTA CASA DE COMIDAS les informe de la n\u00e9cessit\u00e9 d&rsquo;avoir l&rsquo;autorisation de leurs parents, tuteurs ou repr\u00e9sentants l\u00e9gaux pour acc\u00e9der et utiliser le site officiel de BUENAVISTA CASA DE COMIDAS.<\/p>\n\n    <p>BUENAVISTA CASA DE COMIDAS est exempt\u00e9 de toute responsabilit\u00e9 d\u00e9coulant de l&rsquo;utilisation de son site officiel par des mineurs ou des utilisateurs qui ne remplissent pas les conditions susmentionn\u00e9es, \u00e9tant dans tous les cas leurs repr\u00e9sentants l\u00e9gaux les seuls responsables.<\/p>\n\n    <p><b>PUBLICATIONS<\/b><\/p>\n    <p>L&rsquo;utilisateur, une fois li\u00e9 \u00e0 la page de BUENAVISTA CASA DE COMIDAS, peut publier des commentaires, des liens, des images ou des photographies, ou tout autre type de contenu multim\u00e9dia pris en charge par le r\u00e9seau social sur cette derni\u00e8re. L&rsquo;utilisateur, dans tous les cas, doit en \u00eatre le propri\u00e9taire, jouir des droits d&rsquo;auteur et des droits de propri\u00e9t\u00e9 intellectuelle, ou avoir le consentement des tiers concern\u00e9s. Toute publication sur la page, qu&rsquo;il s&rsquo;agisse de textes, de graphiques, de photographies, de vid\u00e9os, etc., est express\u00e9ment interdite si elle viole ou est susceptible de violer la morale, l&rsquo;\u00e9thique, le bon go\u00fbt ou la d\u00e9cence et\/ou enfreint, viole ou viole les droits de propri\u00e9t\u00e9 intellectuelle ou industrielle, le droit \u00e0 l&rsquo;image ou la loi. Dans ces cas, BUENAVISTA CASA DE COMIDAS se r\u00e9serve le droit de retirer imm\u00e9diatement le contenu et peut demander le blocage permanent de l&rsquo;utilisateur.<\/p>\n\n    <p>BUENAVISTA CASA DE COMIDAS ne sera pas responsable du contenu librement publi\u00e9 par un utilisateur.<\/p>\n\n    <p>L&rsquo;utilisateur doit garder \u00e0 l&rsquo;esprit que ses publications seront connues par d&rsquo;autres utilisateurs, pour lesquels il est principalement responsable de sa confidentialit\u00e9.<\/p>\n\n    <p>Les images qui peuvent \u00eatre publi\u00e9es sur la page ne seront pas stock\u00e9es dans un fichier par BUENAVISTA CASA DE COMIDAS, mais elles resteront sur le r\u00e9seau social.<\/p>\n\n    <p><b>CONCOURS ET PROMOTIONS<\/b><\/p>\n    <p>BUENAVISTA CASA DE COMIDAS se r\u00e9serve le droit d&rsquo;organiser des concours et des promotions auxquels l&rsquo;utilisateur li\u00e9 \u00e0 sa page peut participer. Les bases de chacun d&rsquo;eux, lorsque la plateforme de r\u00e9seau social est utilis\u00e9e pour cela, seront publi\u00e9es dessus. Toujours en conformit\u00e9 avec la LSSI-CE et avec toute autre r\u00e9glementation applicable. Le r\u00e9seau social ne parraine, n&rsquo;endosse ni ne g\u00e8re d&rsquo;aucune mani\u00e8re aucune de nos promotions, et n&rsquo;est associ\u00e9 \u00e0 aucune d&rsquo;entre elles.<\/p>\n\n    <p><b>PUBLICIT\u00c9<\/b><\/p>\n    <p>BUENAVISTA CASA DE COMIDAS utilisera le r\u00e9seau social pour faire de la publicit\u00e9 pour ses produits et services. En tout cas, s&rsquo;il d\u00e9cide de traiter vos donn\u00e9es de contact pour mener des actions de prospection commerciale directe, il se conformera toujours aux exigences l\u00e9gales du RGPD, de la LOPDGDD et de la LSSI-CE.<\/p>\n\n    <p>Recommander la page BUENAVISTA CASA DE COMIDAS \u00e0 d&rsquo;autres utilisateurs pour qu&rsquo;ils puissent \u00e9galement profiter des promotions ou \u00eatre inform\u00e9s de leur activit\u00e9.<\/p>\n\n    <p>Ensuite, nous d\u00e9taillons le lien vers la politique de confidentialit\u00e9 du r\u00e9seau social :<\/p>\n    <ul>\n        <li><a href=\"https:\/\/www.facebook.com\/p\/Casa-de-comidas-Buenavista-100067588869608\/\">Facebook<\/a><\/li>\n        <li><a href=\"https:\/\/www.instagram.com\/casadecomidasbuenavista\/\">Instagram<\/a><\/li>\n        <li><a href=\"https:\/\/www.linkedin.com\/uas\/login?session_redirect=https%3A%2F%2Fwww.linkedin.com%2Fcompany%2Fcasa-de-comidas%2520buenavista%2Fabout\">LinkedIn<\/a><\/li>\n    <\/ul>\t\t\t\t\t\t\t\t<\/div>\n\t\t\t\t<\/div>\n\t\t\t\t\t<\/div>\n\t\t<\/div>\n\t\t\t\t\t<\/div>\n\t\t<\/section>\n\t\t\t\t<\/div>\n\t\t","protected":false},"excerpt":{"rendered":"<p>POLITIQUE DE R\u00c9SEAUX SOCIAUX En conformit\u00e9 avec le R\u00c8GLEMENT (UE) 2016\/679 du 27 avril 2016 du Parlement europ\u00e9en et du Conseil concernant la protection des personnes physiques \u00e0 l&rsquo;\u00e9gard du traitement de leurs donn\u00e9es personnelles, la Loi organique 3\/2018 du 5 d\u00e9cembre sur la protection des donn\u00e9es personnelles et la garantie des droits num\u00e9riques, et [&hellip;]<\/p>\n","protected":false},"author":8,"featured_media":0,"parent":0,"menu_order":0,"comment_status":"closed","ping_status":"closed","template":"elementor_header_footer","meta":{"footnotes":""},"class_list":["post-10685","page","type-page","status-publish","hentry"],"yoast_head":"<!-- This site is optimized with the Yoast SEO plugin v27.5 - https:\/\/yoast.com\/product\/yoast-seo-wordpress\/ -->\n<title>Politique de R\u00e9seaux Sociaux - Casa de comidas Buenavista<\/title>\n<meta name=\"robots\" content=\"noindex, follow\" \/>\n<meta property=\"og:locale\" content=\"fr_FR\" \/>\n<meta property=\"og:type\" content=\"article\" \/>\n<meta property=\"og:title\" content=\"Politique de R\u00e9seaux Sociaux - Casa de comidas Buenavista\" \/>\n<meta property=\"og:description\" content=\"POLITIQUE DE R\u00c9SEAUX SOCIAUX En conformit\u00e9 avec le R\u00c8GLEMENT (UE) 2016\/679 du 27 avril 2016 du Parlement europ\u00e9en et du Conseil concernant la protection des personnes physiques \u00e0 l&rsquo;\u00e9gard du traitement de leurs donn\u00e9es personnelles, la Loi organique 3\/2018 du 5 d\u00e9cembre sur la protection des donn\u00e9es personnelles et la garantie des droits num\u00e9riques, et [&hellip;]\" \/>\n<meta property=\"og:url\" content=\"https:\/\/restaurantbuenavista.es\/fr\/politique-de-reseaux-sociaux\/\" \/>\n<meta property=\"og:site_name\" content=\"Casa de comidas Buenavista\" \/>\n<meta property=\"article:modified_time\" content=\"2024-07-30T15:25:01+00:00\" \/>\n<meta property=\"og:image\" content=\"http:\/\/restaurantbuenavista.es\/wp-content\/uploads\/2024\/07\/LOGO-CCB.svg\" \/>\n<meta name=\"twitter:card\" content=\"summary_large_image\" \/>\n<meta name=\"twitter:label1\" content=\"Dur\u00e9e de lecture estim\u00e9e\" \/>\n\t<meta name=\"twitter:data1\" content=\"5 minutes\" \/>\n<script type=\"application\/ld+json\" class=\"yoast-schema-graph\">{\"@context\":\"https:\\\/\\\/schema.org\",\"@graph\":[{\"@type\":\"WebPage\",\"@id\":\"https:\\\/\\\/restaurantbuenavista.es\\\/fr\\\/politique-de-reseaux-sociaux\\\/\",\"url\":\"https:\\\/\\\/restaurantbuenavista.es\\\/fr\\\/politique-de-reseaux-sociaux\\\/\",\"name\":\"Politique de R\u00e9seaux Sociaux - Casa de comidas Buenavista\",\"isPartOf\":{\"@id\":\"https:\\\/\\\/restaurantbuenavista.es\\\/fr\\\/#website\"},\"primaryImageOfPage\":{\"@id\":\"https:\\\/\\\/restaurantbuenavista.es\\\/fr\\\/politique-de-reseaux-sociaux\\\/#primaryimage\"},\"image\":{\"@id\":\"https:\\\/\\\/restaurantbuenavista.es\\\/fr\\\/politique-de-reseaux-sociaux\\\/#primaryimage\"},\"thumbnailUrl\":\"http:\\\/\\\/restaurantbuenavista.es\\\/wp-content\\\/uploads\\\/2024\\\/07\\\/LOGO-CCB.svg\",\"datePublished\":\"2024-07-30T15:10:57+00:00\",\"dateModified\":\"2024-07-30T15:25:01+00:00\",\"breadcrumb\":{\"@id\":\"https:\\\/\\\/restaurantbuenavista.es\\\/fr\\\/politique-de-reseaux-sociaux\\\/#breadcrumb\"},\"inLanguage\":\"fr-FR\",\"potentialAction\":[{\"@type\":\"ReadAction\",\"target\":[\"https:\\\/\\\/restaurantbuenavista.es\\\/fr\\\/politique-de-reseaux-sociaux\\\/\"]}]},{\"@type\":\"ImageObject\",\"inLanguage\":\"fr-FR\",\"@id\":\"https:\\\/\\\/restaurantbuenavista.es\\\/fr\\\/politique-de-reseaux-sociaux\\\/#primaryimage\",\"url\":\"http:\\\/\\\/restaurantbuenavista.es\\\/wp-content\\\/uploads\\\/2024\\\/07\\\/LOGO-CCB.svg\",\"contentUrl\":\"http:\\\/\\\/restaurantbuenavista.es\\\/wp-content\\\/uploads\\\/2024\\\/07\\\/LOGO-CCB.svg\"},{\"@type\":\"BreadcrumbList\",\"@id\":\"https:\\\/\\\/restaurantbuenavista.es\\\/fr\\\/politique-de-reseaux-sociaux\\\/#breadcrumb\",\"itemListElement\":[{\"@type\":\"ListItem\",\"position\":1,\"name\":\"Portada\",\"item\":\"https:\\\/\\\/restaurantbuenavista.es\\\/fr\\\/\"},{\"@type\":\"ListItem\",\"position\":2,\"name\":\"Politique de R\u00e9seaux Sociaux\"}]},{\"@type\":\"WebSite\",\"@id\":\"https:\\\/\\\/restaurantbuenavista.es\\\/fr\\\/#website\",\"url\":\"https:\\\/\\\/restaurantbuenavista.es\\\/fr\\\/\",\"name\":\"Casa de comidas Buenavista\",\"description\":\"Restaurante en Barcelona\",\"publisher\":{\"@id\":\"https:\\\/\\\/restaurantbuenavista.es\\\/fr\\\/#organization\"},\"potentialAction\":[{\"@type\":\"SearchAction\",\"target\":{\"@type\":\"EntryPoint\",\"urlTemplate\":\"https:\\\/\\\/restaurantbuenavista.es\\\/fr\\\/?s={search_term_string}\"},\"query-input\":{\"@type\":\"PropertyValueSpecification\",\"valueRequired\":true,\"valueName\":\"search_term_string\"}}],\"inLanguage\":\"fr-FR\"},{\"@type\":\"Organization\",\"@id\":\"https:\\\/\\\/restaurantbuenavista.es\\\/fr\\\/#organization\",\"name\":\"Casa de comidas Buenavista\",\"url\":\"https:\\\/\\\/restaurantbuenavista.es\\\/fr\\\/\",\"logo\":{\"@type\":\"ImageObject\",\"inLanguage\":\"fr-FR\",\"@id\":\"https:\\\/\\\/restaurantbuenavista.es\\\/fr\\\/#\\\/schema\\\/logo\\\/image\\\/\",\"url\":\"https:\\\/\\\/restaurantbuenavista.es\\\/wp-content\\\/uploads\\\/2021\\\/04\\\/title.png\",\"contentUrl\":\"https:\\\/\\\/restaurantbuenavista.es\\\/wp-content\\\/uploads\\\/2021\\\/04\\\/title.png\",\"width\":894,\"height\":321,\"caption\":\"Casa de comidas Buenavista\"},\"image\":{\"@id\":\"https:\\\/\\\/restaurantbuenavista.es\\\/fr\\\/#\\\/schema\\\/logo\\\/image\\\/\"}}]}<\/script>\n<!-- \/ Yoast SEO plugin. -->","yoast_head_json":{"title":"Politique de R\u00e9seaux Sociaux - Casa de comidas Buenavista","robots":{"index":"noindex","follow":"follow"},"og_locale":"fr_FR","og_type":"article","og_title":"Politique de R\u00e9seaux Sociaux - Casa de comidas Buenavista","og_description":"POLITIQUE DE R\u00c9SEAUX SOCIAUX En conformit\u00e9 avec le R\u00c8GLEMENT (UE) 2016\/679 du 27 avril 2016 du Parlement europ\u00e9en et du Conseil concernant la protection des personnes physiques \u00e0 l&rsquo;\u00e9gard du traitement de leurs donn\u00e9es personnelles, la Loi organique 3\/2018 du 5 d\u00e9cembre sur la protection des donn\u00e9es personnelles et la garantie des droits num\u00e9riques, et [&hellip;]","og_url":"https:\/\/restaurantbuenavista.es\/fr\/politique-de-reseaux-sociaux\/","og_site_name":"Casa de comidas Buenavista","article_modified_time":"2024-07-30T15:25:01+00:00","og_image":[{"url":"http:\/\/restaurantbuenavista.es\/wp-content\/uploads\/2024\/07\/LOGO-CCB.svg","type":"","width":"","height":""}],"twitter_card":"summary_large_image","twitter_misc":{"Dur\u00e9e de lecture estim\u00e9e":"5 minutes"},"schema":{"@context":"https:\/\/schema.org","@graph":[{"@type":"WebPage","@id":"https:\/\/restaurantbuenavista.es\/fr\/politique-de-reseaux-sociaux\/","url":"https:\/\/restaurantbuenavista.es\/fr\/politique-de-reseaux-sociaux\/","name":"Politique de R\u00e9seaux Sociaux - Casa de comidas Buenavista","isPartOf":{"@id":"https:\/\/restaurantbuenavista.es\/fr\/#website"},"primaryImageOfPage":{"@id":"https:\/\/restaurantbuenavista.es\/fr\/politique-de-reseaux-sociaux\/#primaryimage"},"image":{"@id":"https:\/\/restaurantbuenavista.es\/fr\/politique-de-reseaux-sociaux\/#primaryimage"},"thumbnailUrl":"http:\/\/restaurantbuenavista.es\/wp-content\/uploads\/2024\/07\/LOGO-CCB.svg","datePublished":"2024-07-30T15:10:57+00:00","dateModified":"2024-07-30T15:25:01+00:00","breadcrumb":{"@id":"https:\/\/restaurantbuenavista.es\/fr\/politique-de-reseaux-sociaux\/#breadcrumb"},"inLanguage":"fr-FR","potentialAction":[{"@type":"ReadAction","target":["https:\/\/restaurantbuenavista.es\/fr\/politique-de-reseaux-sociaux\/"]}]},{"@type":"ImageObject","inLanguage":"fr-FR","@id":"https:\/\/restaurantbuenavista.es\/fr\/politique-de-reseaux-sociaux\/#primaryimage","url":"http:\/\/restaurantbuenavista.es\/wp-content\/uploads\/2024\/07\/LOGO-CCB.svg","contentUrl":"http:\/\/restaurantbuenavista.es\/wp-content\/uploads\/2024\/07\/LOGO-CCB.svg"},{"@type":"BreadcrumbList","@id":"https:\/\/restaurantbuenavista.es\/fr\/politique-de-reseaux-sociaux\/#breadcrumb","itemListElement":[{"@type":"ListItem","position":1,"name":"Portada","item":"https:\/\/restaurantbuenavista.es\/fr\/"},{"@type":"ListItem","position":2,"name":"Politique de R\u00e9seaux Sociaux"}]},{"@type":"WebSite","@id":"https:\/\/restaurantbuenavista.es\/fr\/#website","url":"https:\/\/restaurantbuenavista.es\/fr\/","name":"Casa de comidas Buenavista","description":"Restaurante en Barcelona","publisher":{"@id":"https:\/\/restaurantbuenavista.es\/fr\/#organization"},"potentialAction":[{"@type":"SearchAction","target":{"@type":"EntryPoint","urlTemplate":"https:\/\/restaurantbuenavista.es\/fr\/?s={search_term_string}"},"query-input":{"@type":"PropertyValueSpecification","valueRequired":true,"valueName":"search_term_string"}}],"inLanguage":"fr-FR"},{"@type":"Organization","@id":"https:\/\/restaurantbuenavista.es\/fr\/#organization","name":"Casa de comidas Buenavista","url":"https:\/\/restaurantbuenavista.es\/fr\/","logo":{"@type":"ImageObject","inLanguage":"fr-FR","@id":"https:\/\/restaurantbuenavista.es\/fr\/#\/schema\/logo\/image\/","url":"https:\/\/restaurantbuenavista.es\/wp-content\/uploads\/2021\/04\/title.png","contentUrl":"https:\/\/restaurantbuenavista.es\/wp-content\/uploads\/2021\/04\/title.png","width":894,"height":321,"caption":"Casa de comidas Buenavista"},"image":{"@id":"https:\/\/restaurantbuenavista.es\/fr\/#\/schema\/logo\/image\/"}}]}},"_links":{"self":[{"href":"https:\/\/restaurantbuenavista.es\/fr\/wp-json\/wp\/v2\/pages\/10685","targetHints":{"allow":["GET"]}}],"collection":[{"href":"https:\/\/restaurantbuenavista.es\/fr\/wp-json\/wp\/v2\/pages"}],"about":[{"href":"https:\/\/restaurantbuenavista.es\/fr\/wp-json\/wp\/v2\/types\/page"}],"author":[{"embeddable":true,"href":"https:\/\/restaurantbuenavista.es\/fr\/wp-json\/wp\/v2\/users\/8"}],"replies":[{"embeddable":true,"href":"https:\/\/restaurantbuenavista.es\/fr\/wp-json\/wp\/v2\/comments?post=10685"}],"version-history":[{"count":5,"href":"https:\/\/restaurantbuenavista.es\/fr\/wp-json\/wp\/v2\/pages\/10685\/revisions"}],"predecessor-version":[{"id":10703,"href":"https:\/\/restaurantbuenavista.es\/fr\/wp-json\/wp\/v2\/pages\/10685\/revisions\/10703"}],"wp:attachment":[{"href":"https:\/\/restaurantbuenavista.es\/fr\/wp-json\/wp\/v2\/media?parent=10685"}],"curies":[{"name":"wp","href":"https:\/\/api.w.org\/{rel}","templated":true}]}}