{"id":10666,"date":"2024-07-30T14:22:04","date_gmt":"2024-07-30T14:22:04","guid":{"rendered":"https:\/\/restaurantbuenavista.es\/politica-de-redes-sociales\/"},"modified":"2024-07-30T14:29:04","modified_gmt":"2024-07-30T14:29:04","slug":"politica-de-xarxes-socials","status":"publish","type":"page","link":"https:\/\/restaurantbuenavista.es\/ca\/politica-de-xarxes-socials\/","title":{"rendered":"Pol\u00edtica de xarxes socials"},"content":{"rendered":"\t\t<div data-elementor-type=\"wp-page\" data-elementor-id=\"10666\" class=\"elementor elementor-10666 elementor-10650\" data-elementor-post-type=\"page\">\n\t\t\t\t\t\t<section class=\"elementor-section elementor-top-section elementor-element elementor-element-e8d4a1f elementor-section-full_width elementor-section-height-default elementor-section-height-default\" data-id=\"e8d4a1f\" data-element_type=\"section\">\n\t\t\t\t\t\t<div class=\"elementor-container elementor-column-gap-default\">\n\t\t\t\t\t<div class=\"elementor-column elementor-col-100 elementor-top-column elementor-element elementor-element-6f734f8\" data-id=\"6f734f8\" data-element_type=\"column\">\n\t\t\t<div class=\"elementor-widget-wrap elementor-element-populated\">\n\t\t\t\t\t\t<div class=\"elementor-element elementor-element-2424b14 elementor-widget-divider--view-line elementor-widget elementor-widget-divider\" data-id=\"2424b14\" data-element_type=\"widget\" data-widget_type=\"divider.default\">\n\t\t\t\t<div class=\"elementor-widget-container\">\n\t\t\t\t\t\t\t<div class=\"elementor-divider\">\n\t\t\t<span class=\"elementor-divider-separator\">\n\t\t\t\t\t\t<\/span>\n\t\t<\/div>\n\t\t\t\t\t\t<\/div>\n\t\t\t\t<\/div>\n\t\t\t\t<div class=\"elementor-element elementor-element-ec31eb4 elementor-widget-divider--view-line elementor-widget elementor-widget-divider\" data-id=\"ec31eb4\" data-element_type=\"widget\" data-widget_type=\"divider.default\">\n\t\t\t\t<div class=\"elementor-widget-container\">\n\t\t\t\t\t\t\t<div class=\"elementor-divider\">\n\t\t\t<span class=\"elementor-divider-separator\">\n\t\t\t\t\t\t<\/span>\n\t\t<\/div>\n\t\t\t\t\t\t<\/div>\n\t\t\t\t<\/div>\n\t\t\t\t<section class=\"elementor-section elementor-inner-section elementor-element elementor-element-0680e19 elementor-section-full_width elementor-section-height-default elementor-section-height-default\" data-id=\"0680e19\" data-element_type=\"section\">\n\t\t\t\t\t\t<div class=\"elementor-container elementor-column-gap-default\">\n\t\t\t\t\t<div class=\"elementor-column elementor-col-20 elementor-inner-column elementor-element elementor-element-adf9ee8\" data-id=\"adf9ee8\" data-element_type=\"column\">\n\t\t\t<div class=\"elementor-widget-wrap\">\n\t\t\t\t\t\t\t<\/div>\n\t\t<\/div>\n\t\t\t\t<div class=\"elementor-column elementor-col-20 elementor-inner-column elementor-element elementor-element-dc1dc8e\" data-id=\"dc1dc8e\" data-element_type=\"column\">\n\t\t\t<div class=\"elementor-widget-wrap\">\n\t\t\t\t\t\t\t<\/div>\n\t\t<\/div>\n\t\t\t\t<div class=\"elementor-column elementor-col-20 elementor-inner-column elementor-element elementor-element-b0c08d8\" data-id=\"b0c08d8\" data-element_type=\"column\">\n\t\t\t<div class=\"elementor-widget-wrap elementor-element-populated\">\n\t\t\t\t\t\t<div class=\"elementor-element elementor-element-4417285 logo elementor-widget elementor-widget-image\" data-id=\"4417285\" data-element_type=\"widget\" data-widget_type=\"image.default\">\n\t\t\t\t<div class=\"elementor-widget-container\">\n\t\t\t\t\t\t\t\t\t\t\t\t\t\t\t\t<a href=\"https:\/\/restaurantbuenavista.es\/ca\/\">\n\t\t\t\t\t\t\t<img decoding=\"async\" data-src=\"https:\/\/restaurantbuenavista.es\/wp-content\/uploads\/2024\/07\/LOGO-CCB.svg\" class=\"attachment-full size-full wp-image-10286 lazyload\" alt=\"\" src=\"data:image\/svg+xml;base64,PHN2ZyB3aWR0aD0iMSIgaGVpZ2h0PSIxIiB4bWxucz0iaHR0cDovL3d3dy53My5vcmcvMjAwMC9zdmciPjwvc3ZnPg==\" \/>\t\t\t\t\t\t\t\t<\/a>\n\t\t\t\t\t\t\t\t\t\t\t\t\t\t\t<\/div>\n\t\t\t\t<\/div>\n\t\t\t\t\t<\/div>\n\t\t<\/div>\n\t\t\t\t<div class=\"elementor-column elementor-col-20 elementor-inner-column elementor-element elementor-element-afe698b\" data-id=\"afe698b\" data-element_type=\"column\">\n\t\t\t<div class=\"elementor-widget-wrap\">\n\t\t\t\t\t\t\t<\/div>\n\t\t<\/div>\n\t\t\t\t<div class=\"elementor-column elementor-col-20 elementor-inner-column elementor-element elementor-element-5725c77\" data-id=\"5725c77\" data-element_type=\"column\">\n\t\t\t<div class=\"elementor-widget-wrap\">\n\t\t\t\t\t\t\t<\/div>\n\t\t<\/div>\n\t\t\t\t\t<\/div>\n\t\t<\/section>\n\t\t\t\t\t<\/div>\n\t\t<\/div>\n\t\t\t\t\t<\/div>\n\t\t<\/section>\n\t\t\t\t<section class=\"elementor-section elementor-top-section elementor-element elementor-element-65d03a1e elementor-section-boxed elementor-section-height-default elementor-section-height-default\" data-id=\"65d03a1e\" data-element_type=\"section\" data-settings=\"{&quot;background_background&quot;:&quot;classic&quot;}\">\n\t\t\t\t\t\t<div class=\"elementor-container elementor-column-gap-default\">\n\t\t\t\t\t<div class=\"elementor-column elementor-col-100 elementor-top-column elementor-element elementor-element-6a37141a\" data-id=\"6a37141a\" data-element_type=\"column\">\n\t\t\t<div class=\"elementor-widget-wrap elementor-element-populated\">\n\t\t\t\t\t\t<div class=\"elementor-element elementor-element-ffc1a1a elementor-widget elementor-widget-text-editor\" data-id=\"ffc1a1a\" data-element_type=\"widget\" data-widget_type=\"text-editor.default\">\n\t\t\t\t<div class=\"elementor-widget-container\">\n\t\t\t\t\t\t\t\t\t<h1 style=\"text-align: center; font-weight: bold;\">POL\u00cdTICA DE XARXES SOCIALS<\/h1>\n    <p>En compliment del REGLAMENT (UE) 2016\/679 del 27 d\u2019abril de 2016 del Parlament Europeu i del Consell relatiu a la Protecci\u00f3 de las persones f\u00edsiques en el que respecta al tractament de les seves dades personals la Llei Org\u00e0nica 3\/2018 del 5 de desembre de Protecci\u00f3 de Dades Personals i garantia dels drets digitals i la Llei 34\/2002 del 11 de juliol de Serveis de la Societat de la Informaci\u00f3 i de Comer\u00e7 Electr\u00f2nic (LSSI-CE) RONDA AN ANTONIO 84 S.L. en endavant (BUENAVISTA CASA DE COMIDAS) informa als usuaris que ha procedit a crear un perfil a les xarxes socials amb la finalitat principal d\u2019anunciar els seus productes i serveis.<\/p>\n\n    <p><strong>DADES DE RONDA SAN ANTONIO 84 S.L.:<\/strong><\/p>\n    <p>B62111059<br>\n    C\/ Ronda de Sant Antoni n.\u00ba 84 08001 Barcelona<br>\n    Tel\u00e8fon: 932065541<br>\n    <a href=\"mailto:p.privacidad@restaurantbuenavista.es\">p.privacidad@restaurantbuenavista.es<\/a><br>\n    <a href=\"http:\/\/www.restaurantbuenavista.es\">www.restaurantbuenavista.es<\/a><\/p>\n\n    <p>L\u2019usuari disposa d\u2019un perfil a la mateixa xarxa social i ha decidit unir-se a la p\u00e0gina creada per BUENAVISTA CASA DE COMIDAS mostrant aix\u00ed inter\u00e8s en la informaci\u00f3 que s\u2019anunci\u00ef a la xarxa. Al unir-se a la nostre p\u00e0gina ens facilita el seu consentiment pel tractament d\u2019aquelles dades personals publicades al seu perfil.<\/p>\n\n    <p>L\u2019usuari pot accedir en tot moment a les pol\u00edtiques de privacitat de la pr\u00f2pia xarxa social aix\u00ed como configurar el seu perfil per garantir la seva privacitat.<\/p>\n\n    <p>BUENAVISTA CASA DE COMIDAS te acc\u00e9s i tracta aquella informaci\u00f3 p\u00fablica del usuari en especial el seu nom de contacte. Aquestes dades nomes son utilitzades dins de la pr\u00f2pia xarxa social i en cap cas son incorporades a cap fitxer sense sol\u00b7licitar pr\u00e8viament el consentiment expr\u00e9s del interessat.<\/p>\n\n    <p>En relaci\u00f3 als drets d\u2019acc\u00e9s rectificaci\u00f3 cancel\u00b7laci\u00f3 i oposici\u00f3 dels que vost\u00e8 disposa i que poden ser exercits davant BUENAVISTA CASA DE COMIDAS d\u2019acord amb el REGLAMENT (UE) 2016\/679 del 27 d\u2019abril de 2016 del Parlament Europeu ha de tindre en compte que donada la pr\u00f2pia funcionalitat de las xarxes socials normalment haur\u00e0 d\u2019exercir els seus drets davant la pr\u00f2pia xarxa social.<\/p>\n\n    <p>BUENAVISTA CASA DE COMIDAS realitzar\u00e0 les seg\u00fcents actuacions:<\/p>\n    <ul>\n        <li>Acc\u00e9s a la informaci\u00f3 p\u00fablica del perfil.<\/li>\n        <li>Publicaci\u00f3 al perfil del usuari de tota aquella informaci\u00f3 ja publicada a la p\u00e0gina de BUENAVISTA CASA DE COMIDAS.<\/li>\n        <li>Enviar missatges personals e individuals a trav\u00e9s dels canals de la xarxa social.<\/li>\n        <li>Actualitzacions del estat de la p\u00e0gina que es publicaran al perfil del usuari.<\/li>\n    <\/ul>\n\n    <p>L\u2019usuari sempre pot controlar les seves connexions eliminar els continguts que deixin d\u2019interessar-li i restringir amb qui comparteix les seves connexions per fer-ho haur\u00e0 d\u2019accedir a la seva configuraci\u00f3 de privacitat.<\/p>\n\n    <p><b>DADES DE MENORS<\/b><\/p>\n    <p>L\u2019acc\u00e9s i registre a aquesta xarxa social esta prohibit per a menors de 14 anys. L\u2019acc\u00e9s al lloc oficial de BUENAVISTA CASA DE COMIDAS tamb\u00e9 esta prohibit per a menors de 14 anys. Per la seva part si l\u2019usuari no compleix aquest requisit BUENAVISTA CASA DE COMIDAS els informa de la necessitat de tenir l\u2019autoritzaci\u00f3 dels seus pares tutors o responsables legals per accedir i utilitzar el lloc oficial de BUENAVISTA CASA DE COMIDAS.<\/p>\n\n    <p>BUENAVISTA CASA DE COMIDAS queda eximit de qualsevol responsabilitat derivada de l\u2019\u00fas del seu lloc oficial per menors o usuaris que no compleixin els requisits pr\u00e8viament mencionats sent en qualsevol cas els seus representants legals els \u00fanics responsables.<\/p>\n\n    <p><b>PUBLICACIONS<\/b><\/p>\n    <p>L\u2019usuari una vegada s\u2019uneixi a la p\u00e0gina de BUENAVISTA CASA DE COMIDAS podr\u00e0 publicar en aquesta \u00faltima comentaris enlla\u00e7os imatges o fotografies o qualsevol altre tipus de contingut multim\u00e8dia suportat per la xarxa social. L\u2019usuari en tots els casos ha de ser el titular dels mateixos gaudir dels drets d\u2019autor i de propietat intel\u00b7lectual o comptar amb el consentiment dels tercers afectats. Es prohibeix expressament qualsevol publicaci\u00f3 a la p\u00e0gina ja siguin textos gr\u00e0fics fotografies v\u00eddeos etc. que atemptin o siguin susceptibles de atemptar contra la moral l\u2019\u00e8tica el bon gust o l\u2019honor i\/o que infringeixin violin o trenquin els drets de propietat intel\u00b7lectual o industrial el dret a la imatge o la Llei. En aquest sup\u00f2sits BUENAVISTA CASA DE COMIDAS es reserva el dret a retirar d\u2019immediat el contingut i\/o sol\u00b7licitar el bloqueig permanent de l\u2019usuari.<\/p>\n\n    <p>BUENAVISTA CASA DE COMIDAS no es fa responsable dels continguts que lliurement hagi publicat un usuari.<\/p>\n\n    <p>L\u2019usuari ha de tenir present que les seves publicacions seran conegudes per altres usuaris pel qual ell mateix es el principal responsable de la seva privacitat.<\/p>\n\n    <p>Les imatges que puguin publicar-se a la p\u00e0gina no seran emmagatzemades a cap altre fitxer per part de BUENAVISTA CASA DE COMIDAS per\u00f2 s\u00ed que romandran a la xarxa social.<\/p>\n\n    <p><b>CONCURSOS I PROMOCIONS<\/b><\/p>\n    <p>BUENAVISTA CASA DE COMIDAS es reserva el dret a realitzar concursos i promocions en els que podr\u00e0 participar l\u2019usuari adherit a la seva p\u00e0gina. Les bases de cada un d\u2019ells quan s\u2019utilitzin amb aquest motiu la plataforma de la xarxa social seran publicades a la mateixa. Complint sempre amb la LSSI-CE i amb qualsevol altre norma que sigui d\u2019aplicaci\u00f3. La xarxa social no patrocina avala ni administra i\/o est\u00e0 associada de ninguna manera a ninguna de les nostres promocions.<\/p>\n\n    <p><b>PUBLICITAT<\/b><\/p>\n    <p>BUENAVISTA CASA DE COMIDAS utilitzar\u00e0 la xarxa social per anunciar els seus productes i serveis en qualsevol cas si decideix tractar les seves dades de contacte per realitzar accions directes de prospecci\u00f3 comercial ser\u00e0 sempre complint amb les exig\u00e8ncies legals del RGPD de la LOPDGDD i de la LSSI-CE.<\/p>\n\n    <p>No es considerar\u00e0 publicitat el fet de recomanar a altres usuaris la p\u00e0gina de BUENAVISTA CASA DE COMIDAS per que tamb\u00e9 ells puguin gaudir de les promocions ofertes o estar informats de la seva activitat.<\/p>\n\n    <p>A continuaci\u00f3 detallem l\u2019enlla\u00e7 a la pol\u00edtica de privacitat de la xarxa social:<\/p>\n    <ul>\n        <li><a href=\"https:\/\/www.facebook.com\/p\/Casa-de-comidas-Buenavista-100067588869608\/\">Facebook<\/a><\/li>\n        <li><a href=\"https:\/\/www.instagram.com\/casadecomidasbuenavista\/\">Instagram<\/a><\/li>\n        <li><a href=\"https:\/\/www.linkedin.com\/uas\/login?session_redirect=https%3A%2F%2Fwww.linkedin.com%2Fcompany%2Fcasa-de-comidas%2520buenavista%2Fabout\">LinkedIn<\/a><\/li>\n    <\/ul>\t\t\t\t\t\t\t\t<\/div>\n\t\t\t\t<\/div>\n\t\t\t\t\t<\/div>\n\t\t<\/div>\n\t\t\t\t\t<\/div>\n\t\t<\/section>\n\t\t\t\t<\/div>\n\t\t","protected":false},"excerpt":{"rendered":"<p>POL\u00cdTICA DE XARXES SOCIALS En compliment del REGLAMENT (UE) 2016\/679 del 27 d\u2019abril de 2016 del Parlament Europeu i del Consell relatiu a la Protecci\u00f3 de las persones f\u00edsiques en el que respecta al tractament de les seves dades personals la Llei Org\u00e0nica 3\/2018 del 5 de desembre de Protecci\u00f3 de Dades Personals i garantia [&hellip;]<\/p>\n","protected":false},"author":8,"featured_media":0,"parent":0,"menu_order":0,"comment_status":"closed","ping_status":"closed","template":"elementor_header_footer","meta":{"footnotes":""},"class_list":["post-10666","page","type-page","status-publish","hentry"],"yoast_head":"<!-- This site is optimized with the Yoast SEO plugin v27.5 - https:\/\/yoast.com\/product\/yoast-seo-wordpress\/ -->\n<title>Pol\u00edtica de xarxes socials - Casa de comidas Buenavista<\/title>\n<meta name=\"robots\" content=\"noindex, follow\" \/>\n<meta property=\"og:locale\" content=\"ca_ES\" \/>\n<meta property=\"og:type\" content=\"article\" \/>\n<meta property=\"og:title\" content=\"Pol\u00edtica de xarxes socials - Casa de comidas Buenavista\" \/>\n<meta property=\"og:description\" content=\"POL\u00cdTICA DE XARXES SOCIALS En compliment del REGLAMENT (UE) 2016\/679 del 27 d\u2019abril de 2016 del Parlament Europeu i del Consell relatiu a la Protecci\u00f3 de las persones f\u00edsiques en el que respecta al tractament de les seves dades personals la Llei Org\u00e0nica 3\/2018 del 5 de desembre de Protecci\u00f3 de Dades Personals i garantia [&hellip;]\" \/>\n<meta property=\"og:url\" content=\"https:\/\/restaurantbuenavista.es\/ca\/politica-de-xarxes-socials\/\" \/>\n<meta property=\"og:site_name\" content=\"Casa de comidas Buenavista\" \/>\n<meta property=\"article:modified_time\" content=\"2024-07-30T14:29:04+00:00\" \/>\n<meta property=\"og:image\" content=\"http:\/\/restaurantbuenavista.es\/wp-content\/uploads\/2024\/07\/LOGO-CCB.svg\" \/>\n<meta name=\"twitter:card\" content=\"summary_large_image\" \/>\n<meta name=\"twitter:label1\" content=\"Temps estimat de lectura\" \/>\n\t<meta name=\"twitter:data1\" content=\"5 minuts\" \/>\n<script type=\"application\/ld+json\" class=\"yoast-schema-graph\">{\"@context\":\"https:\\\/\\\/schema.org\",\"@graph\":[{\"@type\":\"WebPage\",\"@id\":\"https:\\\/\\\/restaurantbuenavista.es\\\/ca\\\/politica-de-xarxes-socials\\\/\",\"url\":\"https:\\\/\\\/restaurantbuenavista.es\\\/ca\\\/politica-de-xarxes-socials\\\/\",\"name\":\"Pol\u00edtica de xarxes socials - Casa de comidas Buenavista\",\"isPartOf\":{\"@id\":\"https:\\\/\\\/restaurantbuenavista.es\\\/ca\\\/#website\"},\"primaryImageOfPage\":{\"@id\":\"https:\\\/\\\/restaurantbuenavista.es\\\/ca\\\/politica-de-xarxes-socials\\\/#primaryimage\"},\"image\":{\"@id\":\"https:\\\/\\\/restaurantbuenavista.es\\\/ca\\\/politica-de-xarxes-socials\\\/#primaryimage\"},\"thumbnailUrl\":\"http:\\\/\\\/restaurantbuenavista.es\\\/wp-content\\\/uploads\\\/2024\\\/07\\\/LOGO-CCB.svg\",\"datePublished\":\"2024-07-30T14:22:04+00:00\",\"dateModified\":\"2024-07-30T14:29:04+00:00\",\"breadcrumb\":{\"@id\":\"https:\\\/\\\/restaurantbuenavista.es\\\/ca\\\/politica-de-xarxes-socials\\\/#breadcrumb\"},\"inLanguage\":\"ca\",\"potentialAction\":[{\"@type\":\"ReadAction\",\"target\":[\"https:\\\/\\\/restaurantbuenavista.es\\\/ca\\\/politica-de-xarxes-socials\\\/\"]}]},{\"@type\":\"ImageObject\",\"inLanguage\":\"ca\",\"@id\":\"https:\\\/\\\/restaurantbuenavista.es\\\/ca\\\/politica-de-xarxes-socials\\\/#primaryimage\",\"url\":\"http:\\\/\\\/restaurantbuenavista.es\\\/wp-content\\\/uploads\\\/2024\\\/07\\\/LOGO-CCB.svg\",\"contentUrl\":\"http:\\\/\\\/restaurantbuenavista.es\\\/wp-content\\\/uploads\\\/2024\\\/07\\\/LOGO-CCB.svg\"},{\"@type\":\"BreadcrumbList\",\"@id\":\"https:\\\/\\\/restaurantbuenavista.es\\\/ca\\\/politica-de-xarxes-socials\\\/#breadcrumb\",\"itemListElement\":[{\"@type\":\"ListItem\",\"position\":1,\"name\":\"Portada\",\"item\":\"https:\\\/\\\/restaurantbuenavista.es\\\/ca\\\/\"},{\"@type\":\"ListItem\",\"position\":2,\"name\":\"Pol\u00edtica de xarxes socials\"}]},{\"@type\":\"WebSite\",\"@id\":\"https:\\\/\\\/restaurantbuenavista.es\\\/ca\\\/#website\",\"url\":\"https:\\\/\\\/restaurantbuenavista.es\\\/ca\\\/\",\"name\":\"Casa de comidas Buenavista\",\"description\":\"Restaurante en Barcelona\",\"publisher\":{\"@id\":\"https:\\\/\\\/restaurantbuenavista.es\\\/ca\\\/#organization\"},\"potentialAction\":[{\"@type\":\"SearchAction\",\"target\":{\"@type\":\"EntryPoint\",\"urlTemplate\":\"https:\\\/\\\/restaurantbuenavista.es\\\/ca\\\/?s={search_term_string}\"},\"query-input\":{\"@type\":\"PropertyValueSpecification\",\"valueRequired\":true,\"valueName\":\"search_term_string\"}}],\"inLanguage\":\"ca\"},{\"@type\":\"Organization\",\"@id\":\"https:\\\/\\\/restaurantbuenavista.es\\\/ca\\\/#organization\",\"name\":\"Casa de comidas Buenavista\",\"url\":\"https:\\\/\\\/restaurantbuenavista.es\\\/ca\\\/\",\"logo\":{\"@type\":\"ImageObject\",\"inLanguage\":\"ca\",\"@id\":\"https:\\\/\\\/restaurantbuenavista.es\\\/ca\\\/#\\\/schema\\\/logo\\\/image\\\/\",\"url\":\"https:\\\/\\\/restaurantbuenavista.es\\\/wp-content\\\/uploads\\\/2021\\\/04\\\/title.png\",\"contentUrl\":\"https:\\\/\\\/restaurantbuenavista.es\\\/wp-content\\\/uploads\\\/2021\\\/04\\\/title.png\",\"width\":894,\"height\":321,\"caption\":\"Casa de comidas Buenavista\"},\"image\":{\"@id\":\"https:\\\/\\\/restaurantbuenavista.es\\\/ca\\\/#\\\/schema\\\/logo\\\/image\\\/\"}}]}<\/script>\n<!-- \/ Yoast SEO plugin. -->","yoast_head_json":{"title":"Pol\u00edtica de xarxes socials - Casa de comidas Buenavista","robots":{"index":"noindex","follow":"follow"},"og_locale":"ca_ES","og_type":"article","og_title":"Pol\u00edtica de xarxes socials - Casa de comidas Buenavista","og_description":"POL\u00cdTICA DE XARXES SOCIALS En compliment del REGLAMENT (UE) 2016\/679 del 27 d\u2019abril de 2016 del Parlament Europeu i del Consell relatiu a la Protecci\u00f3 de las persones f\u00edsiques en el que respecta al tractament de les seves dades personals la Llei Org\u00e0nica 3\/2018 del 5 de desembre de Protecci\u00f3 de Dades Personals i garantia [&hellip;]","og_url":"https:\/\/restaurantbuenavista.es\/ca\/politica-de-xarxes-socials\/","og_site_name":"Casa de comidas Buenavista","article_modified_time":"2024-07-30T14:29:04+00:00","og_image":[{"url":"http:\/\/restaurantbuenavista.es\/wp-content\/uploads\/2024\/07\/LOGO-CCB.svg","type":"","width":"","height":""}],"twitter_card":"summary_large_image","twitter_misc":{"Temps estimat de lectura":"5 minuts"},"schema":{"@context":"https:\/\/schema.org","@graph":[{"@type":"WebPage","@id":"https:\/\/restaurantbuenavista.es\/ca\/politica-de-xarxes-socials\/","url":"https:\/\/restaurantbuenavista.es\/ca\/politica-de-xarxes-socials\/","name":"Pol\u00edtica de xarxes socials - Casa de comidas Buenavista","isPartOf":{"@id":"https:\/\/restaurantbuenavista.es\/ca\/#website"},"primaryImageOfPage":{"@id":"https:\/\/restaurantbuenavista.es\/ca\/politica-de-xarxes-socials\/#primaryimage"},"image":{"@id":"https:\/\/restaurantbuenavista.es\/ca\/politica-de-xarxes-socials\/#primaryimage"},"thumbnailUrl":"http:\/\/restaurantbuenavista.es\/wp-content\/uploads\/2024\/07\/LOGO-CCB.svg","datePublished":"2024-07-30T14:22:04+00:00","dateModified":"2024-07-30T14:29:04+00:00","breadcrumb":{"@id":"https:\/\/restaurantbuenavista.es\/ca\/politica-de-xarxes-socials\/#breadcrumb"},"inLanguage":"ca","potentialAction":[{"@type":"ReadAction","target":["https:\/\/restaurantbuenavista.es\/ca\/politica-de-xarxes-socials\/"]}]},{"@type":"ImageObject","inLanguage":"ca","@id":"https:\/\/restaurantbuenavista.es\/ca\/politica-de-xarxes-socials\/#primaryimage","url":"http:\/\/restaurantbuenavista.es\/wp-content\/uploads\/2024\/07\/LOGO-CCB.svg","contentUrl":"http:\/\/restaurantbuenavista.es\/wp-content\/uploads\/2024\/07\/LOGO-CCB.svg"},{"@type":"BreadcrumbList","@id":"https:\/\/restaurantbuenavista.es\/ca\/politica-de-xarxes-socials\/#breadcrumb","itemListElement":[{"@type":"ListItem","position":1,"name":"Portada","item":"https:\/\/restaurantbuenavista.es\/ca\/"},{"@type":"ListItem","position":2,"name":"Pol\u00edtica de xarxes socials"}]},{"@type":"WebSite","@id":"https:\/\/restaurantbuenavista.es\/ca\/#website","url":"https:\/\/restaurantbuenavista.es\/ca\/","name":"Casa de comidas Buenavista","description":"Restaurante en Barcelona","publisher":{"@id":"https:\/\/restaurantbuenavista.es\/ca\/#organization"},"potentialAction":[{"@type":"SearchAction","target":{"@type":"EntryPoint","urlTemplate":"https:\/\/restaurantbuenavista.es\/ca\/?s={search_term_string}"},"query-input":{"@type":"PropertyValueSpecification","valueRequired":true,"valueName":"search_term_string"}}],"inLanguage":"ca"},{"@type":"Organization","@id":"https:\/\/restaurantbuenavista.es\/ca\/#organization","name":"Casa de comidas Buenavista","url":"https:\/\/restaurantbuenavista.es\/ca\/","logo":{"@type":"ImageObject","inLanguage":"ca","@id":"https:\/\/restaurantbuenavista.es\/ca\/#\/schema\/logo\/image\/","url":"https:\/\/restaurantbuenavista.es\/wp-content\/uploads\/2021\/04\/title.png","contentUrl":"https:\/\/restaurantbuenavista.es\/wp-content\/uploads\/2021\/04\/title.png","width":894,"height":321,"caption":"Casa de comidas Buenavista"},"image":{"@id":"https:\/\/restaurantbuenavista.es\/ca\/#\/schema\/logo\/image\/"}}]}},"_links":{"self":[{"href":"https:\/\/restaurantbuenavista.es\/ca\/wp-json\/wp\/v2\/pages\/10666","targetHints":{"allow":["GET"]}}],"collection":[{"href":"https:\/\/restaurantbuenavista.es\/ca\/wp-json\/wp\/v2\/pages"}],"about":[{"href":"https:\/\/restaurantbuenavista.es\/ca\/wp-json\/wp\/v2\/types\/page"}],"author":[{"embeddable":true,"href":"https:\/\/restaurantbuenavista.es\/ca\/wp-json\/wp\/v2\/users\/8"}],"replies":[{"embeddable":true,"href":"https:\/\/restaurantbuenavista.es\/ca\/wp-json\/wp\/v2\/comments?post=10666"}],"version-history":[{"count":5,"href":"https:\/\/restaurantbuenavista.es\/ca\/wp-json\/wp\/v2\/pages\/10666\/revisions"}],"predecessor-version":[{"id":10672,"href":"https:\/\/restaurantbuenavista.es\/ca\/wp-json\/wp\/v2\/pages\/10666\/revisions\/10672"}],"wp:attachment":[{"href":"https:\/\/restaurantbuenavista.es\/ca\/wp-json\/wp\/v2\/media?parent=10666"}],"curies":[{"name":"wp","href":"https:\/\/api.w.org\/{rel}","templated":true}]}}